{"id":38796,"date":"2025-10-07T18:51:25","date_gmt":"2025-10-07T18:51:25","guid":{"rendered":"https:\/\/thirdwishfs.com\/?page_id=38796"},"modified":"2025-10-14T19:53:02","modified_gmt":"2025-10-14T19:53:02","slug":"smart-menu","status":"publish","type":"page","link":"https:\/\/thirdwishfs.com\/en\/smart-menu\/","title":{"rendered":"Smart Menu"},"content":{"rendered":"<div data-elementor-type=\"wp-page\" data-elementor-id=\"38796\" class=\"elementor elementor-38796\">\n\t\t\t\t\t\t<section class=\"elementor-section elementor-top-section elementor-element elementor-element-180df1d elementor-section-full_width elementor-section-height-default elementor-section-height-default sc_fly_static\" data-id=\"180df1d\" data-element_type=\"section\">\n\t\t\t\t\t\t<div class=\"elementor-container elementor-column-gap-extended\">\n\t\t\t\t\t<div class=\"elementor-column elementor-col-100 elementor-top-column elementor-element elementor-element-432f2c4 sc_content_align_inherit sc_layouts_column_icons_position_left sc_fly_static\" data-id=\"432f2c4\" data-element_type=\"column\">\n\t\t\t<div class=\"elementor-widget-wrap elementor-element-populated\">\n\t\t\t\t\t\t\t<\/div>\n\t\t<\/div>\n\t\t\t\t\t<\/div>\n\t\t<\/section>\n\t\t\t\t<section class=\"elementor-section elementor-top-section elementor-element elementor-element-74a92fa elementor-section-boxed elementor-section-height-default elementor-section-height-default sc_fly_static\" data-id=\"74a92fa\" data-element_type=\"section\">\n\t\t\t\t\t\t<div class=\"elementor-container elementor-column-gap-extended\">\n\t\t\t\t\t<div class=\"elementor-column elementor-col-100 elementor-top-column elementor-element elementor-element-e4d5813 sc_content_align_inherit sc_layouts_column_icons_position_left sc_fly_static\" data-id=\"e4d5813\" data-element_type=\"column\">\n\t\t\t<div class=\"elementor-widget-wrap elementor-element-populated\">\n\t\t\t\t\t\t<section class=\"elementor-section elementor-inner-section elementor-element elementor-element-d8e48e1 elementor-section-boxed elementor-section-height-default elementor-section-height-default sc_fly_static\" data-id=\"d8e48e1\" data-element_type=\"section\">\n\t\t\t\t\t\t<div class=\"elementor-container elementor-column-gap-extended\">\n\t\t\t\t\t<div class=\"elementor-column elementor-col-100 elementor-inner-column elementor-element elementor-element-dade9f2 sc_content_align_inherit sc_layouts_column_icons_position_left sc_fly_static\" data-id=\"dade9f2\" data-element_type=\"column\">\n\t\t\t<div class=\"elementor-widget-wrap elementor-element-populated\">\n\t\t\t\t\t\t<div class=\"elementor-element elementor-element-cf52915 sc_height_small sc_fly_static elementor-widget elementor-widget-spacer\" data-id=\"cf52915\" data-element_type=\"widget\" data-widget_type=\"spacer.default\">\n\t\t\t\t<div class=\"elementor-widget-container\">\n\t\t\t\t\t\t\t<div class=\"elementor-spacer\">\n\t\t\t<div class=\"elementor-spacer-inner\"><\/div>\n\t\t<\/div>\n\t\t\t\t\t\t<\/div>\n\t\t\t\t<\/div>\n\t\t\t\t\t<\/div>\n\t\t<\/div>\n\t\t\t\t\t<\/div>\n\t\t<\/section>\n\t\t\t\t\t<\/div>\n\t\t<\/div>\n\t\t\t\t\t<\/div>\n\t\t<\/section>\n\t\t\t\t<section class=\"elementor-section elementor-top-section elementor-element elementor-element-ea9dcfb elementor-section-boxed elementor-section-height-default elementor-section-height-default sc_fly_static\" data-id=\"ea9dcfb\" data-element_type=\"section\">\n\t\t\t\t\t\t<div class=\"elementor-container elementor-column-gap-extended\">\n\t\t\t\t\t<div class=\"elementor-column elementor-col-100 elementor-top-column elementor-element elementor-element-c6e09f5 sc_content_align_inherit sc_layouts_column_icons_position_left sc_fly_static\" data-id=\"c6e09f5\" data-element_type=\"column\">\n\t\t\t<div class=\"elementor-widget-wrap elementor-element-populated\">\n\t\t\t\t\t\t<div class=\"elementor-element elementor-element-a7a9771 sc_fly_static elementor-widget elementor-widget-heading\" data-id=\"a7a9771\" data-element_type=\"widget\" data-widget_type=\"heading.default\">\n\t\t\t\t<div class=\"elementor-widget-container\">\n\t\t\t\t\t<h2 class=\"elementor-heading-title elementor-size-default\">Smart Menu<\/h2>\t\t\t\t<\/div>\n\t\t\t\t<\/div>\n\t\t\t\t\t<\/div>\n\t\t<\/div>\n\t\t\t\t\t<\/div>\n\t\t<\/section>\n\t\t\t\t<section class=\"elementor-section elementor-top-section elementor-element elementor-element-d4b412e elementor-section-full_width elementor-section-height-default elementor-section-height-default sc_fly_static\" data-id=\"d4b412e\" data-element_type=\"section\">\n\t\t\t\t\t\t<div class=\"elementor-container elementor-column-gap-extended\">\n\t\t\t\t\t<div class=\"elementor-column elementor-col-100 elementor-top-column elementor-element elementor-element-793124e sc_content_align_inherit sc_layouts_column_icons_position_left sc_fly_static\" data-id=\"793124e\" data-element_type=\"column\">\n\t\t\t<div class=\"elementor-widget-wrap elementor-element-populated\">\n\t\t\t\t\t\t<div class=\"elementor-element elementor-element-cf5ed0c sc_height_small sc_fly_static elementor-widget elementor-widget-spacer\" data-id=\"cf5ed0c\" data-element_type=\"widget\" data-widget_type=\"spacer.default\">\n\t\t\t\t<div class=\"elementor-widget-container\">\n\t\t\t\t\t\t\t<div class=\"elementor-spacer\">\n\t\t\t<div class=\"elementor-spacer-inner\"><\/div>\n\t\t<\/div>\n\t\t\t\t\t\t<\/div>\n\t\t\t\t<\/div>\n\t\t\t\t<div class=\"elementor-element elementor-element-05c61f6 sc_fly_static elementor-widget elementor-widget-html\" data-id=\"05c61f6\" data-element_type=\"widget\" data-widget_type=\"html.default\">\n\t\t\t\t<div class=\"elementor-widget-container\">\n\t\t\t\t\t<div class=\"banner-marquee\">\r\n  <div class=\"marquee-text\">\r\n      <span>\r\nSMART MENU GENERATOR\r\n\r\n      <\/span>\r\n            <span>\r\nSMART MENU GENERATOR\r\n\r\n      <\/span>\r\n            <span>\r\nSMART MENU GENERATOR\r\n\r\n      <\/span>\r\n\r\n  <\/div>\r\n<\/div>\r\n<style>\r\n.banner-marquee {\r\n    height: 120px;\r\n    align-items: center;\r\n    display: flex;\r\n    white-space: nowrap;\r\n    background-color: #fff;\r\n    color: #000;\r\n}\r\n\r\n.marquee-text {\r\n  display: inline-block;\r\n  padding-left: 1%;\r\n  animation: marquee 55s linear infinite;\r\n  font-size: 100px;\r\n  font-weight: 600;\r\n}\r\n\r\n@keyframes marquee {\r\n  0% {\r\n    transform: translateX(0);\r\n  }\r\n  100% {\r\n    transform: translateX(-100%);\r\n  }\r\n}\r\n\r\n<\/style>\t\t\t\t<\/div>\n\t\t\t\t<\/div>\n\t\t\t\t\t<\/div>\n\t\t<\/div>\n\t\t\t\t\t<\/div>\n\t\t<\/section>\n\t\t\t\t<section class=\"elementor-section elementor-top-section elementor-element elementor-element-1e9e605 elementor-section-boxed elementor-section-height-default elementor-section-height-default sc_fly_static\" data-id=\"1e9e605\" data-element_type=\"section\">\n\t\t\t\t\t\t<div class=\"elementor-container elementor-column-gap-extended\">\n\t\t\t\t\t<div class=\"elementor-column elementor-col-100 elementor-top-column elementor-element elementor-element-a5bee9a sc_content_align_inherit sc_layouts_column_icons_position_left sc_fly_static\" data-id=\"a5bee9a\" data-element_type=\"column\">\n\t\t\t<div class=\"elementor-widget-wrap elementor-element-populated\">\n\t\t\t\t\t\t<div class=\"elementor-element elementor-element-0b08220 sc_height_medium sc_fly_static elementor-widget elementor-widget-spacer\" data-id=\"0b08220\" data-element_type=\"widget\" data-widget_type=\"spacer.default\">\n\t\t\t\t<div class=\"elementor-widget-container\">\n\t\t\t\t\t\t\t<div class=\"elementor-spacer\">\n\t\t\t<div class=\"elementor-spacer-inner\"><\/div>\n\t\t<\/div>\n\t\t\t\t\t\t<\/div>\n\t\t\t\t<\/div>\n\t\t\t\t\t<\/div>\n\t\t<\/div>\n\t\t\t\t\t<\/div>\n\t\t<\/section>\n\t\t\t\t<section class=\"elementor-section elementor-top-section elementor-element elementor-element-de3a9f4 elementor-section-boxed elementor-section-height-default elementor-section-height-default sc_fly_static\" data-id=\"de3a9f4\" data-element_type=\"section\">\n\t\t\t\t\t\t<div class=\"elementor-container elementor-column-gap-extended\">\n\t\t\t\t\t<div class=\"elementor-column elementor-col-50 elementor-top-column elementor-element elementor-element-bc1c5ec sc_content_align_inherit sc_layouts_column_icons_position_left sc_fly_static\" data-id=\"bc1c5ec\" data-element_type=\"column\">\n\t\t\t<div class=\"elementor-widget-wrap elementor-element-populated\">\n\t\t\t\t\t\t<div class=\"elementor-element elementor-element-2b23cc9 sc_fly_static elementor-widget elementor-widget-heading\" data-id=\"2b23cc9\" data-element_type=\"widget\" data-widget_type=\"heading.default\">\n\t\t\t\t<div class=\"elementor-widget-container\">\n\t\t\t\t\t<h2 class=\"elementor-heading-title elementor-size-default\">The challenges<\/h2>\t\t\t\t<\/div>\n\t\t\t\t<\/div>\n\t\t\t\t<div class=\"elementor-element elementor-element-616b6de sc_height_small sc_fly_static elementor-widget elementor-widget-spacer\" data-id=\"616b6de\" data-element_type=\"widget\" data-widget_type=\"spacer.default\">\n\t\t\t\t<div class=\"elementor-widget-container\">\n\t\t\t\t\t\t\t<div class=\"elementor-spacer\">\n\t\t\t<div class=\"elementor-spacer-inner\"><\/div>\n\t\t<\/div>\n\t\t\t\t\t\t<\/div>\n\t\t\t\t<\/div>\n\t\t\t\t<div class=\"elementor-element elementor-element-e5c8715 sc_fly_static elementor-widget elementor-widget-text-editor\" data-id=\"e5c8715\" data-element_type=\"widget\" data-widget_type=\"text-editor.default\">\n\t\t\t\t<div class=\"elementor-widget-container\">\n\t\t\t\t\t\t\t\t\t<ul><li>Volatile ingredient costs<\/li><li>Balancing variety and simplicity<\/li><li>Growing demands in nutrition and special diets<\/li><li>Regulatory compliance and operational viability<\/li><li>Margin erosion and waste<\/li><\/ul>\t\t\t\t\t\t\t\t<\/div>\n\t\t\t\t<\/div>\n\t\t\t\t\t<\/div>\n\t\t<\/div>\n\t\t\t\t<div class=\"elementor-column elementor-col-50 elementor-top-column elementor-element elementor-element-0a82a71 sc_content_align_inherit sc_layouts_column_icons_position_left sc_fly_static\" data-id=\"0a82a71\" data-element_type=\"column\">\n\t\t\t<div class=\"elementor-widget-wrap elementor-element-populated\">\n\t\t\t\t\t\t<div class=\"elementor-element elementor-element-97d9c0f sc_fly_static elementor-widget elementor-widget-image\" data-id=\"97d9c0f\" data-element_type=\"widget\" data-widget_type=\"image.default\">\n\t\t\t\t<div class=\"elementor-widget-container\">\n\t\t\t\t\t\t\t\t\t\t\t\t\t\t\t<img fetchpriority=\"high\" decoding=\"async\" width=\"2560\" height=\"1616\" src=\"https:\/\/thirdwishfs.com\/wp-content\/uploads\/2025\/10\/business-future-education-and-technology-concept-2025-10-02-02-21-13-utc-scaled.jpg\" class=\"attachment-full size-full wp-image-38904\" alt=\"\" srcset=\"https:\/\/thirdwishfs.com\/wp-content\/uploads\/2025\/10\/business-future-education-and-technology-concept-2025-10-02-02-21-13-utc-scaled.jpg 2560w, https:\/\/thirdwishfs.com\/wp-content\/uploads\/2025\/10\/business-future-education-and-technology-concept-2025-10-02-02-21-13-utc-300x189.jpg 300w, https:\/\/thirdwishfs.com\/wp-content\/uploads\/2025\/10\/business-future-education-and-technology-concept-2025-10-02-02-21-13-utc-1024x646.jpg 1024w, https:\/\/thirdwishfs.com\/wp-content\/uploads\/2025\/10\/business-future-education-and-technology-concept-2025-10-02-02-21-13-utc-768x485.jpg 768w, https:\/\/thirdwishfs.com\/wp-content\/uploads\/2025\/10\/business-future-education-and-technology-concept-2025-10-02-02-21-13-utc-1536x969.jpg 1536w, https:\/\/thirdwishfs.com\/wp-content\/uploads\/2025\/10\/business-future-education-and-technology-concept-2025-10-02-02-21-13-utc-2048x1293.jpg 2048w, https:\/\/thirdwishfs.com\/wp-content\/uploads\/2025\/10\/business-future-education-and-technology-concept-2025-10-02-02-21-13-utc-370x234.jpg 370w, https:\/\/thirdwishfs.com\/wp-content\/uploads\/2025\/10\/business-future-education-and-technology-concept-2025-10-02-02-21-13-utc-840x530.jpg 840w, https:\/\/thirdwishfs.com\/wp-content\/uploads\/2025\/10\/business-future-education-and-technology-concept-2025-10-02-02-21-13-utc-410x259.jpg 410w\" sizes=\"(max-width: 2560px) 100vw, 2560px\" \/>\t\t\t\t\t\t\t\t\t\t\t\t\t\t\t<\/div>\n\t\t\t\t<\/div>\n\t\t\t\t\t<\/div>\n\t\t<\/div>\n\t\t\t\t\t<\/div>\n\t\t<\/section>\n\t\t\t\t<section class=\"elementor-section elementor-top-section elementor-element elementor-element-5715093 elementor-section-boxed elementor-section-height-default elementor-section-height-default sc_fly_static\" data-id=\"5715093\" data-element_type=\"section\">\n\t\t\t\t\t\t<div class=\"elementor-container elementor-column-gap-extended\">\n\t\t\t\t\t<div class=\"elementor-column elementor-col-100 elementor-top-column elementor-element elementor-element-e52cc31 sc_content_align_inherit sc_layouts_column_icons_position_left sc_fly_static\" data-id=\"e52cc31\" data-element_type=\"column\">\n\t\t\t<div class=\"elementor-widget-wrap elementor-element-populated\">\n\t\t\t\t\t\t<div class=\"elementor-element elementor-element-90bcd84 sc_height_medium sc_fly_static elementor-widget elementor-widget-spacer\" data-id=\"90bcd84\" data-element_type=\"widget\" data-widget_type=\"spacer.default\">\n\t\t\t\t<div class=\"elementor-widget-container\">\n\t\t\t\t\t\t\t<div class=\"elementor-spacer\">\n\t\t\t<div class=\"elementor-spacer-inner\"><\/div>\n\t\t<\/div>\n\t\t\t\t\t\t<\/div>\n\t\t\t\t<\/div>\n\t\t\t\t\t<\/div>\n\t\t<\/div>\n\t\t\t\t\t<\/div>\n\t\t<\/section>\n\t\t\t\t<section class=\"elementor-section elementor-top-section elementor-element elementor-element-f060590 elementor-section-boxed elementor-section-height-default elementor-section-height-default sc_fly_static\" data-id=\"f060590\" data-element_type=\"section\">\n\t\t\t\t\t\t<div class=\"elementor-container elementor-column-gap-extended\">\n\t\t\t\t\t<div class=\"elementor-column elementor-col-50 elementor-top-column elementor-element elementor-element-5bc1dbf sc_content_align_inherit sc_layouts_column_icons_position_left sc_fly_static\" data-id=\"5bc1dbf\" data-element_type=\"column\">\n\t\t\t<div class=\"elementor-widget-wrap elementor-element-populated\">\n\t\t\t\t\t\t<div class=\"elementor-element elementor-element-cc47eec sc_fly_static elementor-widget elementor-widget-image\" data-id=\"cc47eec\" data-element_type=\"widget\" data-widget_type=\"image.default\">\n\t\t\t\t<div class=\"elementor-widget-container\">\n\t\t\t\t\t\t\t\t\t\t\t\t\t\t\t<img decoding=\"async\" width=\"2560\" height=\"1707\" src=\"https:\/\/thirdwishfs.com\/wp-content\/uploads\/2025\/10\/developers-looking-at-data-charts-2025-03-09-14-18-06-utc-1-scaled.jpg\" class=\"attachment-full size-full wp-image-38899\" alt=\"\" srcset=\"https:\/\/thirdwishfs.com\/wp-content\/uploads\/2025\/10\/developers-looking-at-data-charts-2025-03-09-14-18-06-utc-1-scaled.jpg 2560w, https:\/\/thirdwishfs.com\/wp-content\/uploads\/2025\/10\/developers-looking-at-data-charts-2025-03-09-14-18-06-utc-1-300x200.jpg 300w, https:\/\/thirdwishfs.com\/wp-content\/uploads\/2025\/10\/developers-looking-at-data-charts-2025-03-09-14-18-06-utc-1-1024x683.jpg 1024w, https:\/\/thirdwishfs.com\/wp-content\/uploads\/2025\/10\/developers-looking-at-data-charts-2025-03-09-14-18-06-utc-1-768x512.jpg 768w, https:\/\/thirdwishfs.com\/wp-content\/uploads\/2025\/10\/developers-looking-at-data-charts-2025-03-09-14-18-06-utc-1-1536x1024.jpg 1536w, https:\/\/thirdwishfs.com\/wp-content\/uploads\/2025\/10\/developers-looking-at-data-charts-2025-03-09-14-18-06-utc-1-2048x1365.jpg 2048w, https:\/\/thirdwishfs.com\/wp-content\/uploads\/2025\/10\/developers-looking-at-data-charts-2025-03-09-14-18-06-utc-1-370x247.jpg 370w, https:\/\/thirdwishfs.com\/wp-content\/uploads\/2025\/10\/developers-looking-at-data-charts-2025-03-09-14-18-06-utc-1-840x560.jpg 840w, https:\/\/thirdwishfs.com\/wp-content\/uploads\/2025\/10\/developers-looking-at-data-charts-2025-03-09-14-18-06-utc-1-410x273.jpg 410w\" sizes=\"(max-width: 2560px) 100vw, 2560px\" \/>\t\t\t\t\t\t\t\t\t\t\t\t\t\t\t<\/div>\n\t\t\t\t<\/div>\n\t\t\t\t\t<\/div>\n\t\t<\/div>\n\t\t\t\t<div class=\"elementor-column elementor-col-50 elementor-top-column elementor-element elementor-element-e152f0e sc_content_align_inherit sc_layouts_column_icons_position_left sc_fly_static\" data-id=\"e152f0e\" data-element_type=\"column\">\n\t\t\t<div class=\"elementor-widget-wrap elementor-element-populated\">\n\t\t\t\t\t\t<div class=\"elementor-element elementor-element-908b857 sc_fly_static elementor-widget elementor-widget-heading\" data-id=\"908b857\" data-element_type=\"widget\" data-widget_type=\"heading.default\">\n\t\t\t\t<div class=\"elementor-widget-container\">\n\t\t\t\t\t<h2 class=\"elementor-heading-title elementor-size-default\">The Solution<\/h2>\t\t\t\t<\/div>\n\t\t\t\t<\/div>\n\t\t\t\t<div class=\"elementor-element elementor-element-aad329b sc_height_small sc_fly_static elementor-widget elementor-widget-spacer\" data-id=\"aad329b\" data-element_type=\"widget\" data-widget_type=\"spacer.default\">\n\t\t\t\t<div class=\"elementor-widget-container\">\n\t\t\t\t\t\t\t<div class=\"elementor-spacer\">\n\t\t\t<div class=\"elementor-spacer-inner\"><\/div>\n\t\t<\/div>\n\t\t\t\t\t\t<\/div>\n\t\t\t\t<\/div>\n\t\t\t\t<div class=\"elementor-element elementor-element-bda28f0 sc_fly_static elementor-widget elementor-widget-text-editor\" data-id=\"bda28f0\" data-element_type=\"widget\" data-widget_type=\"text-editor.default\">\n\t\t\t\t<div class=\"elementor-widget-container\">\n\t\t\t\t\t\t\t\t\t<table>\n<tbody>\n<tr>\n<td>The Smart Menu Builder automates menu creation with generative AI and process automation. It offers:\n<ul>\n \t<li>Automatic and dynamic menu generation<\/li>\n \t<li>Cost optimization and real-time reporting<\/li>\n \t<li>Integration with food management systems<\/li>\n \t<li>Strict compliance with nutritional and dietary standards<\/li>\n<\/ul>\n<\/td>\n<\/tr>\n<\/tbody>\n<\/table>\t\t\t\t\t\t\t\t<\/div>\n\t\t\t\t<\/div>\n\t\t\t\t\t<\/div>\n\t\t<\/div>\n\t\t\t\t\t<\/div>\n\t\t<\/section>\n\t\t\t\t<section class=\"elementor-section elementor-top-section elementor-element elementor-element-5e74c8b elementor-section-boxed elementor-section-height-default elementor-section-height-default sc_fly_static\" data-id=\"5e74c8b\" data-element_type=\"section\">\n\t\t\t\t\t\t<div class=\"elementor-container elementor-column-gap-extended\">\n\t\t\t\t\t<div class=\"elementor-column elementor-col-100 elementor-top-column elementor-element elementor-element-c7c7cfd sc_content_align_inherit sc_layouts_column_icons_position_left sc_fly_static\" data-id=\"c7c7cfd\" data-element_type=\"column\">\n\t\t\t<div class=\"elementor-widget-wrap elementor-element-populated\">\n\t\t\t\t\t\t<div class=\"elementor-element elementor-element-a7e87a7 sc_height_medium sc_fly_static elementor-widget elementor-widget-spacer\" data-id=\"a7e87a7\" data-element_type=\"widget\" data-widget_type=\"spacer.default\">\n\t\t\t\t<div class=\"elementor-widget-container\">\n\t\t\t\t\t\t\t<div class=\"elementor-spacer\">\n\t\t\t<div class=\"elementor-spacer-inner\"><\/div>\n\t\t<\/div>\n\t\t\t\t\t\t<\/div>\n\t\t\t\t<\/div>\n\t\t\t\t\t<\/div>\n\t\t<\/div>\n\t\t\t\t\t<\/div>\n\t\t<\/section>\n\t\t\t\t<section class=\"elementor-section elementor-top-section elementor-element elementor-element-ee59913 elementor-section-boxed elementor-section-height-default elementor-section-height-default sc_fly_static\" data-id=\"ee59913\" data-element_type=\"section\">\n\t\t\t\t\t\t<div class=\"elementor-container elementor-column-gap-extended\">\n\t\t\t\t\t<div class=\"elementor-column elementor-col-50 elementor-top-column elementor-element elementor-element-f8ba681 sc_content_align_inherit sc_layouts_column_icons_position_left sc_fly_static\" data-id=\"f8ba681\" data-element_type=\"column\">\n\t\t\t<div class=\"elementor-widget-wrap elementor-element-populated\">\n\t\t\t\t\t\t<div class=\"elementor-element elementor-element-34d2204 sc_fly_static elementor-widget elementor-widget-heading\" data-id=\"34d2204\" data-element_type=\"widget\" data-widget_type=\"heading.default\">\n\t\t\t\t<div class=\"elementor-widget-container\">\n\t\t\t\t\t<h2 class=\"elementor-heading-title elementor-size-default\">Benefits<\/h2>\t\t\t\t<\/div>\n\t\t\t\t<\/div>\n\t\t\t\t<div class=\"elementor-element elementor-element-17f887b sc_height_small sc_fly_static elementor-widget elementor-widget-spacer\" data-id=\"17f887b\" data-element_type=\"widget\" data-widget_type=\"spacer.default\">\n\t\t\t\t<div class=\"elementor-widget-container\">\n\t\t\t\t\t\t\t<div class=\"elementor-spacer\">\n\t\t\t<div class=\"elementor-spacer-inner\"><\/div>\n\t\t<\/div>\n\t\t\t\t\t\t<\/div>\n\t\t\t\t<\/div>\n\t\t\t\t<div class=\"elementor-element elementor-element-ed50c59 sc_fly_static elementor-widget elementor-widget-text-editor\" data-id=\"ed50c59\" data-element_type=\"widget\" data-widget_type=\"text-editor.default\">\n\t\t\t\t<div class=\"elementor-widget-container\">\n\t\t\t\t\t\t\t\t\t<ul>\n \t<li>Effective cost reduction<\/li>\n \t<li>Optimized use of ingredients (availability, freshness, price)<\/li>\n \t<li>Greater customer satisfaction<\/li>\n \t<li>Greater efficiency in operational planning<\/li>\n \t<li>Less food waste<\/li>\n<\/ul>\t\t\t\t\t\t\t\t<\/div>\n\t\t\t\t<\/div>\n\t\t\t\t\t<\/div>\n\t\t<\/div>\n\t\t\t\t<div class=\"elementor-column elementor-col-50 elementor-top-column elementor-element elementor-element-86ac6cf sc_content_align_inherit sc_layouts_column_icons_position_left sc_fly_static\" data-id=\"86ac6cf\" data-element_type=\"column\">\n\t\t\t<div class=\"elementor-widget-wrap elementor-element-populated\">\n\t\t\t\t\t\t<div class=\"elementor-element elementor-element-bb129fa sc_fly_static elementor-widget elementor-widget-image\" data-id=\"bb129fa\" data-element_type=\"widget\" data-widget_type=\"image.default\">\n\t\t\t\t<div class=\"elementor-widget-container\">\n\t\t\t\t\t\t\t\t\t\t\t\t\t\t\t<img decoding=\"async\" width=\"2560\" height=\"1709\" src=\"https:\/\/thirdwishfs.com\/wp-content\/uploads\/2025\/10\/close-up-of-modern-people-analyzing-data-on-laptop-2025-02-21-11-05-47-utc-1-scaled.jpg\" class=\"attachment-full size-full wp-image-38898\" alt=\"\" srcset=\"https:\/\/thirdwishfs.com\/wp-content\/uploads\/2025\/10\/close-up-of-modern-people-analyzing-data-on-laptop-2025-02-21-11-05-47-utc-1-scaled.jpg 2560w, https:\/\/thirdwishfs.com\/wp-content\/uploads\/2025\/10\/close-up-of-modern-people-analyzing-data-on-laptop-2025-02-21-11-05-47-utc-1-300x200.jpg 300w, https:\/\/thirdwishfs.com\/wp-content\/uploads\/2025\/10\/close-up-of-modern-people-analyzing-data-on-laptop-2025-02-21-11-05-47-utc-1-1024x683.jpg 1024w, https:\/\/thirdwishfs.com\/wp-content\/uploads\/2025\/10\/close-up-of-modern-people-analyzing-data-on-laptop-2025-02-21-11-05-47-utc-1-768x513.jpg 768w, https:\/\/thirdwishfs.com\/wp-content\/uploads\/2025\/10\/close-up-of-modern-people-analyzing-data-on-laptop-2025-02-21-11-05-47-utc-1-1536x1025.jpg 1536w, https:\/\/thirdwishfs.com\/wp-content\/uploads\/2025\/10\/close-up-of-modern-people-analyzing-data-on-laptop-2025-02-21-11-05-47-utc-1-2048x1367.jpg 2048w, https:\/\/thirdwishfs.com\/wp-content\/uploads\/2025\/10\/close-up-of-modern-people-analyzing-data-on-laptop-2025-02-21-11-05-47-utc-1-370x247.jpg 370w, https:\/\/thirdwishfs.com\/wp-content\/uploads\/2025\/10\/close-up-of-modern-people-analyzing-data-on-laptop-2025-02-21-11-05-47-utc-1-840x561.jpg 840w, https:\/\/thirdwishfs.com\/wp-content\/uploads\/2025\/10\/close-up-of-modern-people-analyzing-data-on-laptop-2025-02-21-11-05-47-utc-1-410x274.jpg 410w\" sizes=\"(max-width: 2560px) 100vw, 2560px\" \/>\t\t\t\t\t\t\t\t\t\t\t\t\t\t\t<\/div>\n\t\t\t\t<\/div>\n\t\t\t\t\t<\/div>\n\t\t<\/div>\n\t\t\t\t\t<\/div>\n\t\t<\/section>\n\t\t\t\t<section class=\"elementor-section elementor-top-section elementor-element elementor-element-118a609 elementor-section-boxed elementor-section-height-default elementor-section-height-default sc_fly_static\" data-id=\"118a609\" data-element_type=\"section\">\n\t\t\t\t\t\t<div class=\"elementor-container elementor-column-gap-extended\">\n\t\t\t\t\t<div class=\"elementor-column elementor-col-100 elementor-top-column elementor-element elementor-element-a7e7df1 sc_content_align_inherit sc_layouts_column_icons_position_left sc_fly_static\" data-id=\"a7e7df1\" data-element_type=\"column\">\n\t\t\t<div class=\"elementor-widget-wrap elementor-element-populated\">\n\t\t\t\t\t\t<div class=\"elementor-element elementor-element-0733276 sc_height_small sc_fly_static elementor-widget elementor-widget-spacer\" data-id=\"0733276\" data-element_type=\"widget\" data-widget_type=\"spacer.default\">\n\t\t\t\t<div class=\"elementor-widget-container\">\n\t\t\t\t\t\t\t<div class=\"elementor-spacer\">\n\t\t\t<div class=\"elementor-spacer-inner\"><\/div>\n\t\t<\/div>\n\t\t\t\t\t\t<\/div>\n\t\t\t\t<\/div>\n\t\t\t\t<div class=\"elementor-element elementor-element-ed2ce4a elementor-align-center sc_fly_static elementor-widget elementor-widget-button\" data-id=\"ed2ce4a\" data-element_type=\"widget\" data-widget_type=\"button.default\">\n\t\t\t\t<div class=\"elementor-widget-container\">\n\t\t\t\t\t\t\t\t\t<div class=\"elementor-button-wrapper\">\n\t\t\t\t\t<a class=\"elementor-button elementor-button-link elementor-size-sm\" href=\"\/en\/contacto\/\">\n\t\t\t\t\t\t<span class=\"elementor-button-content-wrapper\">\n\t\t\t\t\t\t\t\t\t<span class=\"elementor-button-text\">Request a demo<\/span>\n\t\t\t\t\t<\/span>\n\t\t\t\t\t<\/a>\n\t\t\t\t<\/div>\n\t\t\t\t\t\t\t\t<\/div>\n\t\t\t\t<\/div>\n\t\t\t\t<div class=\"elementor-element elementor-element-dcab279 sc_height_large sc_fly_static elementor-widget elementor-widget-spacer\" data-id=\"dcab279\" data-element_type=\"widget\" data-widget_type=\"spacer.default\">\n\t\t\t\t<div class=\"elementor-widget-container\">\n\t\t\t\t\t\t\t<div class=\"elementor-spacer\">\n\t\t\t<div class=\"elementor-spacer-inner\"><\/div>\n\t\t<\/div>\n\t\t\t\t\t\t<\/div>\n\t\t\t\t<\/div>\n\t\t\t\t\t<\/div>\n\t\t<\/div>\n\t\t\t\t\t<\/div>\n\t\t<\/section>\n\t\t\t\t<\/div>","protected":false},"excerpt":{"rendered":"<p>Smart Menu GENERADOR INTELIGENTE DE MEN\u00daS GENERADOR INTELIGENTE DE MEN\u00daS GENERADOR INTELIGENTE DE MEN\u00daS Los desafios Costos de ingredientes vol\u00e1tiles Equilibrar variedad y simplicidad Demandas crecientes en nutrici\u00f3n y dietas&hellip;<\/p>","protected":false},"author":1,"featured_media":0,"parent":0,"menu_order":0,"comment_status":"closed","ping_status":"closed","template":"","meta":{"footnotes":""},"class_list":["post-38796","page","type-page","status-publish","hentry"],"_links":{"self":[{"href":"https:\/\/thirdwishfs.com\/en\/wp-json\/wp\/v2\/pages\/38796","targetHints":{"allow":["GET"]}}],"collection":[{"href":"https:\/\/thirdwishfs.com\/en\/wp-json\/wp\/v2\/pages"}],"about":[{"href":"https:\/\/thirdwishfs.com\/en\/wp-json\/wp\/v2\/types\/page"}],"author":[{"embeddable":true,"href":"https:\/\/thirdwishfs.com\/en\/wp-json\/wp\/v2\/users\/1"}],"replies":[{"embeddable":true,"href":"https:\/\/thirdwishfs.com\/en\/wp-json\/wp\/v2\/comments?post=38796"}],"version-history":[{"count":21,"href":"https:\/\/thirdwishfs.com\/en\/wp-json\/wp\/v2\/pages\/38796\/revisions"}],"predecessor-version":[{"id":39004,"href":"https:\/\/thirdwishfs.com\/en\/wp-json\/wp\/v2\/pages\/38796\/revisions\/39004"}],"wp:attachment":[{"href":"https:\/\/thirdwishfs.com\/en\/wp-json\/wp\/v2\/media?parent=38796"}],"curies":[{"name":"wp","href":"https:\/\/api.w.org\/{rel}","templated":true}]}}