{"id":38452,"date":"2025-09-29T22:51:31","date_gmt":"2025-09-29T22:51:31","guid":{"rendered":"https:\/\/thirdwishfs.com\/?page_id=38452"},"modified":"2025-09-29T22:51:50","modified_gmt":"2025-09-29T22:51:50","slug":"politica-de-cookies","status":"publish","type":"page","link":"https:\/\/thirdwishfs.com\/en\/politica-de-cookies\/","title":{"rendered":"Pol\u00edtica de Cookies"},"content":{"rendered":"<div data-elementor-type=\"wp-page\" data-elementor-id=\"38452\" class=\"elementor elementor-38452\">\n\t\t\t\t\t\t<section class=\"elementor-section elementor-top-section elementor-element elementor-element-c052b9a elementor-section-boxed elementor-section-height-default elementor-section-height-default sc_fly_static\" data-id=\"c052b9a\" data-element_type=\"section\">\n\t\t\t\t\t\t<div class=\"elementor-container elementor-column-gap-extended\">\n\t\t\t\t\t<div class=\"elementor-column elementor-col-100 elementor-top-column elementor-element elementor-element-4b2bb63 sc_content_align_inherit sc_layouts_column_icons_position_left sc_fly_static\" data-id=\"4b2bb63\" data-element_type=\"column\">\n\t\t\t<div class=\"elementor-widget-wrap elementor-element-populated\">\n\t\t\t\t\t\t<div class=\"elementor-element elementor-element-622fc98 sc_fly_static elementor-widget elementor-widget-text-editor\" data-id=\"622fc98\" data-element_type=\"widget\" data-widget_type=\"text-editor.default\">\n\t\t\t\t<div class=\"elementor-widget-container\">\n\t\t\t\t\t\t\t\t\t<p class=\"p1\">\u00a0<\/p><p class=\"p1\">1. \u00bfQu\u00e9 son las cookies?<br \/>Las cookies son peque\u00f1os archivos que se instalan en tu dispositivo para mejorar tu experiencia de navegaci\u00f3n.<br \/><br \/>2. Tipos de cookies utilizadas<br \/>&#8211; Cookies t\u00e9cnicas: necesarias para el funcionamiento del sitio web.<br \/>&#8211; Cookies de personalizaci\u00f3n: recuerdan tus preferencias.<br \/>&#8211; Cookies de an\u00e1lisis: nos ayudan a entender c\u00f3mo se usa la web.<br \/>&#8211; Cookies de terceros: gestionadas por proveedores externos, como Google Analytics.<br \/><br \/>3. Configuraci\u00f3n y rechazo<br \/>Puedes permitir, bloquear o eliminar las cookies instaladas en tu dispositivo configurando las opciones de tu navegador.<br \/><br \/>4. Consentimiento<br \/>Al pulsar el bot\u00f3n \u201cAceptar\u201d en nuestro banner de cookies, consientes el uso de las cookies indicadas.<\/p><p>\u00a0<\/p>\t\t\t\t\t\t\t\t<\/div>\n\t\t\t\t<\/div>\n\t\t\t\t\t<\/div>\n\t\t<\/div>\n\t\t\t\t\t<\/div>\n\t\t<\/section>\n\t\t\t\t<\/div>","protected":false},"excerpt":{"rendered":"<p>\u00a0 1. \u00bfQu\u00e9 son las cookies?Las cookies son peque\u00f1os archivos que se instalan en tu dispositivo para mejorar tu experiencia de navegaci\u00f3n. 2. Tipos de cookies utilizadas&#8211; Cookies t\u00e9cnicas: necesarias&hellip;<\/p>","protected":false},"author":1,"featured_media":0,"parent":0,"menu_order":0,"comment_status":"closed","ping_status":"closed","template":"","meta":{"footnotes":""},"class_list":["post-38452","page","type-page","status-publish","hentry"],"_links":{"self":[{"href":"https:\/\/thirdwishfs.com\/en\/wp-json\/wp\/v2\/pages\/38452","targetHints":{"allow":["GET"]}}],"collection":[{"href":"https:\/\/thirdwishfs.com\/en\/wp-json\/wp\/v2\/pages"}],"about":[{"href":"https:\/\/thirdwishfs.com\/en\/wp-json\/wp\/v2\/types\/page"}],"author":[{"embeddable":true,"href":"https:\/\/thirdwishfs.com\/en\/wp-json\/wp\/v2\/users\/1"}],"replies":[{"embeddable":true,"href":"https:\/\/thirdwishfs.com\/en\/wp-json\/wp\/v2\/comments?post=38452"}],"version-history":[{"count":4,"href":"https:\/\/thirdwishfs.com\/en\/wp-json\/wp\/v2\/pages\/38452\/revisions"}],"predecessor-version":[{"id":38456,"href":"https:\/\/thirdwishfs.com\/en\/wp-json\/wp\/v2\/pages\/38452\/revisions\/38456"}],"wp:attachment":[{"href":"https:\/\/thirdwishfs.com\/en\/wp-json\/wp\/v2\/media?parent=38452"}],"curies":[{"name":"wp","href":"https:\/\/api.w.org\/{rel}","templated":true}]}}