{"id":38442,"date":"2025-09-29T22:49:06","date_gmt":"2025-09-29T22:49:06","guid":{"rendered":"https:\/\/thirdwishfs.com\/?page_id=38442"},"modified":"2025-09-29T22:50:07","modified_gmt":"2025-09-29T22:50:07","slug":"politica-de-privacidad","status":"publish","type":"page","link":"https:\/\/thirdwishfs.com\/en\/politica-de-privacidad\/","title":{"rendered":"Pol\u00edtica de Privacidad"},"content":{"rendered":"<div data-elementor-type=\"wp-page\" data-elementor-id=\"38442\" class=\"elementor elementor-38442\">\n\t\t\t\t\t\t<section class=\"elementor-section elementor-top-section elementor-element elementor-element-c052b9a elementor-section-boxed elementor-section-height-default elementor-section-height-default sc_fly_static\" data-id=\"c052b9a\" data-element_type=\"section\">\n\t\t\t\t\t\t<div class=\"elementor-container elementor-column-gap-extended\">\n\t\t\t\t\t<div class=\"elementor-column elementor-col-100 elementor-top-column elementor-element elementor-element-4b2bb63 sc_content_align_inherit sc_layouts_column_icons_position_left sc_fly_static\" data-id=\"4b2bb63\" data-element_type=\"column\">\n\t\t\t<div class=\"elementor-widget-wrap elementor-element-populated\">\n\t\t\t\t\t\t<div class=\"elementor-element elementor-element-622fc98 sc_fly_static elementor-widget elementor-widget-text-editor\" data-id=\"622fc98\" data-element_type=\"widget\" data-widget_type=\"text-editor.default\">\n\t\t\t\t<div class=\"elementor-widget-container\">\n\t\t\t\t\t\t\t\t\t<p class=\"p1\">Fecha de \u00faltima actualizaci\u00f3n: 1-Agosto-202.<br \/><br \/>En cumplimiento de lo dispuesto en el Reglamento (UE) 2016\/679 del Parlamento Europeo y del Consejo de 27 de abril de 2016 relativo a la protecci\u00f3n de las personas f\u00edsicas en lo que respecta al tratamiento de datos personales (RGPD), y la Ley Org\u00e1nica 3\/2018, de 5 de diciembre, de Protecci\u00f3n de Datos Personales y garant\u00eda de los derechos digitales (LOPDGDD), se informa a los usuarios del sitio web www.thirdwishgroup.com (en adelante, el \u201cSitio Web\u201d) sobre el tratamiento de sus datos personales.<\/p><p class=\"p2\"><b>1. Responsable del tratamiento<\/b><\/p><p class=\"p1\"><br \/>&#8211; Raz\u00f3n social: ThirdWish Group, S.L.<br \/>&#8211; NIF: B70992805<br \/>&#8211; Domicilio social: Calle Aquilon 4, 2\u00aa, Pozuelo de Alarc\u00f3n, 28223, Madrid, Espa\u00f1a<br \/>&#8211; Correo electr\u00f3nico: info@thirdwishgroup.com<br \/>&#8211; Delegado de Protecci\u00f3n de Datos (DPD): info@thirdwishgroup.com<\/p><p class=\"p2\"><b>2. Datos personales tratados<\/b><\/p><p class=\"p1\"><br \/>&#8211; Datos identificativos (nombre, apellidos, direcci\u00f3n, correo electr\u00f3nico, tel\u00e9fono).<br \/>&#8211; Datos profesionales (cargo, empresa, sector).<br \/>&#8211; Datos de conexi\u00f3n y navegaci\u00f3n (direcci\u00f3n IP, identificadores de cookies, navegador, sistema operativo, fecha y hora de acceso).<br \/>&#8211; Informaci\u00f3n facilitada a trav\u00e9s de formularios o correos electr\u00f3nicos.<\/p><p class=\"p2\"><b>3. Finalidades del tratamiento<\/b><\/p><p class=\"p1\"><br \/>1. Gestionar y responder consultas o solicitudes recibidas.<br \/>2. Enviar informaci\u00f3n comercial sobre nuestros productos y servicios, si contamos con tu consentimiento.<br \/>3. Gestionar procesos de selecci\u00f3n de personal o colaboradores.<br \/>4. Cumplir con obligaciones legales.<br \/>5. Garantizar la seguridad de nuestras redes y sistemas.<\/p><p class=\"p2\"><b>4. Base jur\u00eddica<\/b><\/p><p class=\"p1\"><br \/>&#8211; Consentimiento del interesado.<br \/>&#8211; Ejecuci\u00f3n de un contrato o aplicaci\u00f3n de medidas precontractuales.<br \/>&#8211; Cumplimiento de obligaciones legales.<br \/>&#8211; Inter\u00e9s leg\u00edtimo (seguridad de la informaci\u00f3n, mejora de servicios).<\/p><p class=\"p2\"><b>5. Conservaci\u00f3n de los datos<\/b><\/p><p class=\"p1\"><br \/>Los datos se conservar\u00e1n el tiempo necesario para cumplir la finalidad por la que fueron recogidos y para atender posibles responsabilidades legales.<\/p><p class=\"p2\"><b>6. Destinatarios y transferencias internacionales<\/b><\/p><p class=\"p1\"><br \/>Los datos podr\u00e1n ser comunicados a:<br \/>&#8211; Administraciones p\u00fablicas y organismos competentes cuando exista obligaci\u00f3n legal.<br \/>&#8211; Proveedores que nos prestan servicios y act\u00faan como encargados del tratamiento (con contratos de confidencialidad).<br \/>&#8211; Filiales de ThirdWish Group situadas fuera del Espa\u00f1a y de la UE, En estos casos, se aplican garant\u00edas adecuadas como Cl\u00e1usulas Contractuales Tipo aprobadas por la Comisi\u00f3n Europea.<\/p><p class=\"p2\"><b>7. Derechos del interesado<\/b><\/p><p class=\"p1\"><br \/>Puedes ejercer los derechos de acceso, rectificaci\u00f3n, supresi\u00f3n, oposici\u00f3n, limitaci\u00f3n y portabilidad enviando un correo a info@thirdwishgroup.com con copia de tu documento de identidad.<br \/>Tienes derecho a presentar una reclamaci\u00f3n ante la Agencia Espa\u00f1ola de Protecci\u00f3n de Datos (AEPD) si consideras que tus derechos han sido vulnerados.<\/p><p class=\"p2\"><b>8. Seguridad<\/b><\/p><p class=\"p1\"><br \/>Aplicamos medidas t\u00e9cnicas y organizativas para garantizar la seguridad y confidencialidad de los datos.<\/p>\t\t\t\t\t\t\t\t<\/div>\n\t\t\t\t<\/div>\n\t\t\t\t\t<\/div>\n\t\t<\/div>\n\t\t\t\t\t<\/div>\n\t\t<\/section>\n\t\t\t\t<\/div>","protected":false},"excerpt":{"rendered":"<p>Fecha de \u00faltima actualizaci\u00f3n: 1-Agosto-202. En cumplimiento de lo dispuesto en el Reglamento (UE) 2016\/679 del Parlamento Europeo y del Consejo de 27 de abril de 2016 relativo a la&hellip;<\/p>","protected":false},"author":1,"featured_media":0,"parent":0,"menu_order":0,"comment_status":"closed","ping_status":"closed","template":"","meta":{"footnotes":""},"class_list":["post-38442","page","type-page","status-publish","hentry"],"_links":{"self":[{"href":"https:\/\/thirdwishfs.com\/en\/wp-json\/wp\/v2\/pages\/38442","targetHints":{"allow":["GET"]}}],"collection":[{"href":"https:\/\/thirdwishfs.com\/en\/wp-json\/wp\/v2\/pages"}],"about":[{"href":"https:\/\/thirdwishfs.com\/en\/wp-json\/wp\/v2\/types\/page"}],"author":[{"embeddable":true,"href":"https:\/\/thirdwishfs.com\/en\/wp-json\/wp\/v2\/users\/1"}],"replies":[{"embeddable":true,"href":"https:\/\/thirdwishfs.com\/en\/wp-json\/wp\/v2\/comments?post=38442"}],"version-history":[{"count":4,"href":"https:\/\/thirdwishfs.com\/en\/wp-json\/wp\/v2\/pages\/38442\/revisions"}],"predecessor-version":[{"id":38446,"href":"https:\/\/thirdwishfs.com\/en\/wp-json\/wp\/v2\/pages\/38442\/revisions\/38446"}],"wp:attachment":[{"href":"https:\/\/thirdwishfs.com\/en\/wp-json\/wp\/v2\/media?parent=38442"}],"curies":[{"name":"wp","href":"https:\/\/api.w.org\/{rel}","templated":true}]}}